{"id":12718,"date":"2023-11-11T19:19:32","date_gmt":"2023-11-11T18:19:32","guid":{"rendered":"https:\/\/dentistra.hr\/?page_id=12718"},"modified":"2026-04-16T00:46:39","modified_gmt":"2026-04-15T22:46:39","slug":"avete-perso-uno-o-piu-denti","status":"publish","type":"page","link":"https:\/\/dentistra.hr\/it\/vostri-problemi-desideri\/avete-perso-uno-o-piu-denti\/","title":{"rendered":"Avete perso uno o pi\u00f9 denti?"},"content":{"rendered":"\t\t<div data-elementor-type=\"wp-page\" data-elementor-id=\"12718\" class=\"elementor elementor-12718 elementor-9894\" data-elementor-post-type=\"page\">\n\t\t\t\t\t\t<section class=\"elementor-section elementor-top-section elementor-element elementor-element-d9c12e2 elementor-section-full_width elementor-section-height-default elementor-section-height-default\" data-id=\"d9c12e2\" data-element_type=\"section\" data-e-type=\"section\" data-settings=\"{&quot;background_background&quot;:&quot;classic&quot;}\">\r\n\t\t\t\t\t\t<div class=\"elementor-container elementor-column-gap-no\"><div class=\"elementor-row\">\r\n\t\t\t\t\t<div class=\"elementor-column elementor-col-100 elementor-top-column elementor-element elementor-element-d936978\" data-id=\"d936978\" data-element_type=\"column\" data-e-type=\"column\">\n\t\t\t<div class=\"elementor-widget-wrap elementor-element-populated\">\n\t\t\t\t\t\t<section class=\"elementor-section elementor-inner-section elementor-element elementor-element-a097974 elementor-section-boxed elementor-section-height-default elementor-section-height-default\" data-id=\"a097974\" data-element_type=\"section\" data-e-type=\"section\">\r\n\t\t\t\t\t\t<div class=\"elementor-container elementor-column-gap-thegem\"><div class=\"elementor-row\">\r\n\t\t\t\t\t<div class=\"elementor-column elementor-col-50 elementor-inner-column elementor-element elementor-element-7393a01\" data-id=\"7393a01\" data-element_type=\"column\" data-e-type=\"column\">\n\t\t\t<div class=\"elementor-widget-wrap elementor-element-populated\">\n\t\t\t\t\t\t<div class=\"elementor-element elementor-element-bd8caad flex-horizontal-align-default flex-horizontal-align-tablet-default flex-horizontal-align-mobile-default flex-vertical-align-default flex-vertical-align-tablet-default flex-vertical-align-mobile-default elementor-invisible elementor-widget elementor-widget-image\" data-id=\"bd8caad\" data-element_type=\"widget\" data-e-type=\"widget\" data-settings=\"{&quot;_animation&quot;:&quot;fadeInUp&quot;}\" data-widget_type=\"image.default\">\n\t\t\t\t<div class=\"elementor-widget-container\">\n\t\t\t\t\t\t\t\t\t\t\t\t\t\t\t<img fetchpriority=\"high\" width=\"709\" height=\"1024\" src=\"https:\/\/dentistra.hr\/wp-content\/uploads\/2023\/11\/dentistra-usluge-nedostaje-vam-zub-5-709x1024.jpg\" class=\"attachment-large size-large wp-image-12723\" alt=\"\" srcset=\"https:\/\/dentistra.hr\/wp-content\/uploads\/2023\/11\/dentistra-usluge-nedostaje-vam-zub-5-709x1024.jpg 709w, https:\/\/dentistra.hr\/wp-content\/uploads\/2023\/11\/dentistra-usluge-nedostaje-vam-zub-5-208x300.jpg 208w, https:\/\/dentistra.hr\/wp-content\/uploads\/2023\/11\/dentistra-usluge-nedostaje-vam-zub-5-768x1109.jpg 768w, https:\/\/dentistra.hr\/wp-content\/uploads\/2023\/11\/dentistra-usluge-nedostaje-vam-zub-5.jpg 1024w\" sizes=\"(max-width: 709px) 100vw, 709px\" \/>\t\t\t\t\t\t\t\t\t\t\t\t\t\t\t<\/div>\n\t\t\t\t<\/div>\n\t\t\t\t\t<\/div>\n\t\t<\/div>\n\t\t\t\t<div class=\"elementor-column elementor-col-50 elementor-inner-column elementor-element elementor-element-b98deae\" data-id=\"b98deae\" data-element_type=\"column\" data-e-type=\"column\">\n\t\t\t<div class=\"elementor-widget-wrap elementor-element-populated\">\n\t\t\t\t\t\t<div class=\"elementor-element elementor-element-f654507 flex-horizontal-align-default flex-horizontal-align-tablet-default flex-horizontal-align-mobile-default flex-vertical-align-default flex-vertical-align-tablet-default flex-vertical-align-mobile-default elementor-invisible elementor-widget elementor-widget-heading\" data-id=\"f654507\" data-element_type=\"widget\" data-e-type=\"widget\" data-settings=\"{&quot;_animation&quot;:&quot;fadeInUp&quot;}\" data-widget_type=\"heading.default\">\n\t\t\t\t<div class=\"elementor-widget-container\">\n\t\t\t\t\t<div class=\"title-h4 elementor-heading-title elementor-size-default\">Cos'\u00e8 l'impianto dentale?<\/div>\t\t\t\t<\/div>\n\t\t\t\t<\/div>\n\t\t\t\t<div class=\"elementor-element elementor-element-b2a78b6 flex-horizontal-align-default flex-horizontal-align-tablet-default flex-horizontal-align-mobile-default flex-vertical-align-default flex-vertical-align-tablet-default flex-vertical-align-mobile-default elementor-widget elementor-widget-text-editor\" data-id=\"b2a78b6\" data-element_type=\"widget\" data-e-type=\"widget\" data-widget_type=\"text-editor.default\">\n\t\t\t\t<div class=\"elementor-widget-container\">\n\t\t\t\t\t\t\t\t\t\t\t\t<div class=\"elementor-text-editor elementor-clearfix\">\r\n\t\t\t\t\t\t<p>L&#8217;impianto dentale \u00e8 un dispositivo metallico progettato per sostituire la radice di un dente naturale mancante (l&#8217;impianto non \u00e8 visibile nel cavo orale perch\u00e9 \u00e8 completamente integrato nell&#8217;osso). Sulla parte metallica viene fissata la corona dentale che sostituisce la corona naturale del dente (visibile nel cavo orale).\u00a0<\/p><p>Nel caso di un solo dente mancante, se i denti adiacenti sono sani, si consiglia di ricorrere all&#8217;innesto di un impianto dentale perch\u00e9 non vi \u00e8 contatto con i denti contigui.<\/p>\t\t\t\t\t\t\t<\/div>\r\n\t\t\t\t\t\t\t\t\t\t<\/div>\n\t\t\t\t<\/div>\n\t\t\t\t<div class=\"elementor-element elementor-element-fb3c359 elementor-widget__width-auto flex-horizontal-align-default flex-horizontal-align-tablet-default flex-horizontal-align-mobile-default flex-vertical-align-default flex-vertical-align-tablet-default flex-vertical-align-mobile-default elementor-widget elementor-widget-thegem-styledbutton\" data-id=\"fb3c359\" data-element_type=\"widget\" data-e-type=\"widget\" data-settings=\"{&quot;thegem_button_skin&quot;:&quot;flat&quot;,&quot;add_icon&quot;:&quot;yes&quot;}\" data-widget_type=\"thegem-styledbutton.default\">\n\t\t\t\t<div class=\"elementor-widget-container\">\n\t\t\t\t\t\n<div class=\"gem-button-container gem-widget-button\">\n\n\t\t<a class=\"gem-button gem-button-size-medium gem-button-text-weight-bold gem-button-style-flat\" href=\"#elementor-action%3Aaction%3Dpopup%3Aopen%26settings%3DeyJpZCI6IjEzMDcxIiwidG9nZ2xlIjpmYWxzZX0%3D\" target=\"_blank\">\n\t\t<span class=\"gem-inner-wrapper-btn\">\n\t\t\t\t\t\t\t<span class=\"gem-button-icon\">\n\t\t\t\t\t<i aria-hidden=\"true\" class=\"far fa-file-image\"><\/i>\t\t\t\t<\/span>\n\t\t\t\t\t\t<span class=\"gem-text-button\">\n\t\t\t\tGalleria\t\t\t<\/span>\n\t\t<\/span>\n\t<\/a>\n\n\t\n<\/div>\t\t\t\t<\/div>\n\t\t\t\t<\/div>\n\t\t\t\t<div class=\"elementor-element elementor-element-cdfda4a flex-horizontal-align-default flex-horizontal-align-tablet-default flex-horizontal-align-mobile-default flex-vertical-align-default flex-vertical-align-tablet-default flex-vertical-align-mobile-default elementor-widget elementor-widget-text-editor\" data-id=\"cdfda4a\" data-element_type=\"widget\" data-e-type=\"widget\" data-widget_type=\"text-editor.default\">\n\t\t\t\t<div class=\"elementor-widget-container\">\n\t\t\t\t\t\t\t\t\t\t\t\t<div class=\"elementor-text-editor elementor-clearfix\">\r\n\t\t\t\t\t\t<p>Si pu\u00f2 ricorrere all&#8217;impianto dentale per la sostituzione di un solo dente mancante o anche di tutti i denti. In caso di sostituzione completa di tutti i denti, esistono diverse combinazioni legate al numero di impianti dentali che verranno inseriti con la funzione di perno (2\/4\/6) e ai materiali impiegati nella creazione di ponti che verranno fissati sugli impianti (acrilico, metallo-ceramica, zirconio, composito, PMMA).\u00a0<\/p><p>Pertanto, a seconda dello stato del cavo orale e dei desideri del paziente, \u00e8 possibile mettere in pratica soluzioni individualizzate che soddisferanno i bisogni di ogni singolo paziente.<\/p>\t\t\t\t\t\t\t<\/div>\r\n\t\t\t\t\t\t\t\t\t\t<\/div>\n\t\t\t\t<\/div>\n\t\t\t\t\t<\/div>\n\t\t<\/div>\n\t\t\t\t\t<\/div><\/div>\r\n\t\t<\/section>\r\n\t\t\t\t<section class=\"elementor-section elementor-inner-section elementor-element elementor-element-e5f4d5d elementor-reverse-tablet elementor-reverse-mobile elementor-section-boxed elementor-section-height-default elementor-section-height-default\" data-id=\"e5f4d5d\" data-element_type=\"section\" data-e-type=\"section\">\r\n\t\t\t\t\t\t<div class=\"elementor-container elementor-column-gap-thegem\"><div class=\"elementor-row\">\r\n\t\t\t\t\t<div class=\"elementor-column elementor-col-50 elementor-inner-column elementor-element elementor-element-d7831f0\" data-id=\"d7831f0\" data-element_type=\"column\" data-e-type=\"column\">\n\t\t\t<div class=\"elementor-widget-wrap elementor-element-populated\">\n\t\t\t\t\t\t<div class=\"elementor-element elementor-element-f8c0876 flex-horizontal-align-default flex-horizontal-align-tablet-default flex-horizontal-align-mobile-default flex-vertical-align-default flex-vertical-align-tablet-default flex-vertical-align-mobile-default elementor-invisible elementor-widget elementor-widget-heading\" data-id=\"f8c0876\" data-element_type=\"widget\" data-e-type=\"widget\" data-settings=\"{&quot;_animation&quot;:&quot;fadeInUp&quot;}\" data-widget_type=\"heading.default\">\n\t\t\t\t<div class=\"elementor-widget-container\">\n\t\t\t\t\t<div class=\"title-h4 elementor-heading-title elementor-size-default\">Corone e ponti dentali<\/div>\t\t\t\t<\/div>\n\t\t\t\t<\/div>\n\t\t\t\t<div class=\"elementor-element elementor-element-55bc777 flex-horizontal-align-default flex-horizontal-align-tablet-default flex-horizontal-align-mobile-default flex-vertical-align-default flex-vertical-align-tablet-default flex-vertical-align-mobile-default elementor-widget elementor-widget-text-editor\" data-id=\"55bc777\" data-element_type=\"widget\" data-e-type=\"widget\" data-widget_type=\"text-editor.default\">\n\t\t\t\t<div class=\"elementor-widget-container\">\n\t\t\t\t\t\t\t\t\t\t\t\t<div class=\"elementor-text-editor elementor-clearfix\">\r\n\t\t\t\t\t\t<p>Le corone dentali sono delle protesi dentali a forma di \u201ecappuccio\u201c che vengono fissate sul dente precedentemente limato. Due o pi\u00f9 corone dentali unite insieme formano un ponte dentale.<\/p><p>I ponti dentali vengono utilizzati per colmare la mancanza di un dente. In tal caso, i denti adiacenti vengono limati e fungono da supporto alla costruzione che sostituisce il dente mancante. I ponti dentali sono protesi fisse e non possono essere rimossi dal cavo orale.<\/p>\t\t\t\t\t\t\t<\/div>\r\n\t\t\t\t\t\t\t\t\t\t<\/div>\n\t\t\t\t<\/div>\n\t\t\t\t<div class=\"elementor-element elementor-element-e0ffe63 elementor-widget__width-auto flex-horizontal-align-default flex-horizontal-align-tablet-default flex-horizontal-align-mobile-default flex-vertical-align-default flex-vertical-align-tablet-default flex-vertical-align-mobile-default elementor-widget elementor-widget-thegem-styledbutton\" data-id=\"e0ffe63\" data-element_type=\"widget\" data-e-type=\"widget\" data-settings=\"{&quot;thegem_button_skin&quot;:&quot;flat&quot;,&quot;add_icon&quot;:&quot;yes&quot;}\" data-widget_type=\"thegem-styledbutton.default\">\n\t\t\t\t<div class=\"elementor-widget-container\">\n\t\t\t\t\t\n<div class=\"gem-button-container gem-widget-button\">\n\n\t\t<a class=\"gem-button gem-button-size-medium gem-button-text-weight-bold gem-button-style-flat\" href=\"#elementor-action%3Aaction%3Dpopup%3Aopen%26settings%3DeyJpZCI6IjEzMDI1IiwidG9nZ2xlIjpmYWxzZX0%3D\" target=\"_blank\">\n\t\t<span class=\"gem-inner-wrapper-btn\">\n\t\t\t\t\t\t\t<span class=\"gem-button-icon\">\n\t\t\t\t\t<i aria-hidden=\"true\" class=\"far fa-file-image\"><\/i>\t\t\t\t<\/span>\n\t\t\t\t\t\t<span class=\"gem-text-button\">\n\t\t\t\tGalleria\t\t\t<\/span>\n\t\t<\/span>\n\t<\/a>\n\n\t\n<\/div>\t\t\t\t<\/div>\n\t\t\t\t<\/div>\n\t\t\t\t<div class=\"elementor-element elementor-element-e460e53 flex-horizontal-align-default flex-horizontal-align-tablet-default flex-horizontal-align-mobile-default flex-vertical-align-default flex-vertical-align-tablet-default flex-vertical-align-mobile-default elementor-invisible elementor-widget elementor-widget-heading\" data-id=\"e460e53\" data-element_type=\"widget\" data-e-type=\"widget\" data-settings=\"{&quot;_animation&quot;:&quot;fadeInUp&quot;}\" data-widget_type=\"heading.default\">\n\t\t\t\t<div class=\"elementor-widget-container\">\n\t\t\t\t\t<div class=\"title-h4 elementor-heading-title elementor-size-default\">Le protesi<\/div>\t\t\t\t<\/div>\n\t\t\t\t<\/div>\n\t\t\t\t<div class=\"elementor-element elementor-element-6080708 flex-horizontal-align-default flex-horizontal-align-tablet-default flex-horizontal-align-mobile-default flex-vertical-align-default flex-vertical-align-tablet-default flex-vertical-align-mobile-default elementor-widget elementor-widget-text-editor\" data-id=\"6080708\" data-element_type=\"widget\" data-e-type=\"widget\" data-widget_type=\"text-editor.default\">\n\t\t\t\t<div class=\"elementor-widget-container\">\n\t\t\t\t\t\t\t\t\t\t\t\t<div class=\"elementor-text-editor elementor-clearfix\">\r\n\t\t\t\t\t\t<p>Le protesi sono dispositivi mobili che il paziente pu\u00f2 (o meglio deve) rimuovere quotidianamente per mantenere la protesi pulita e igienica. Le protesi hanno in realt\u00e0 sostituito le vecchie dentiere dei nostri nonni e sono state rivisitate in chiave moderna. Oggi, infatti, le protesi semi-fisse sono realizzate in materiali di alta qualit\u00e0, possono essere collegate al ponte dentale fisso e sono molto pi\u00f9 comode e facili da portare. In alcuni casi, quando le condizioni di salute dei denti \u00e8 particolarmente compromessa, le protesi si prospettano come unica alternativa.<\/p>\t\t\t\t\t\t\t<\/div>\r\n\t\t\t\t\t\t\t\t\t\t<\/div>\n\t\t\t\t<\/div>\n\t\t\t\t\t<\/div>\n\t\t<\/div>\n\t\t\t\t<div class=\"elementor-column elementor-col-50 elementor-inner-column elementor-element elementor-element-6dcd646\" data-id=\"6dcd646\" data-element_type=\"column\" data-e-type=\"column\">\n\t\t\t<div class=\"elementor-widget-wrap elementor-element-populated\">\n\t\t\t\t\t\t<div class=\"elementor-element elementor-element-cb9d9a5 flex-horizontal-align-default flex-horizontal-align-tablet-default flex-horizontal-align-mobile-default flex-vertical-align-default flex-vertical-align-tablet-default flex-vertical-align-mobile-default elementor-invisible elementor-widget elementor-widget-image\" data-id=\"cb9d9a5\" data-element_type=\"widget\" data-e-type=\"widget\" data-settings=\"{&quot;_animation&quot;:&quot;fadeInUp&quot;}\" data-widget_type=\"image.default\">\n\t\t\t\t<div class=\"elementor-widget-container\">\n\t\t\t\t\t\t\t\t\t\t\t\t\t\t\t<img width=\"1024\" height=\"1024\" src=\"https:\/\/dentistra.hr\/wp-content\/uploads\/2023\/11\/dentistra-usluge-nedostaje-vam-zub-2.jpg\" class=\"attachment-large size-large wp-image-12722\" alt=\"\" \/>\t\t\t\t\t\t\t\t\t\t\t\t\t\t\t<\/div>\n\t\t\t\t<\/div>\n\t\t\t\t\t<\/div>\n\t\t<\/div>\n\t\t\t\t\t<\/div><\/div>\r\n\t\t<\/section>\r\n\t\t\t\t\t<\/div>\n\t\t<\/div>\n\t\t\t\t\t<\/div><\/div>\r\n\t\t<\/section>\r\n\t\t\t\t<\/div>\n\t\t","protected":false},"excerpt":{"rendered":"<p>Cos&#8217;\u00e8 l&#8217;impianto dentale? L&#8217;impianto dentale \u00e8 un dispositivo metallico progettato per sostituire la radice di un dente naturale mancante (l&#8217;impianto&#8230;<\/p>\n","protected":false},"author":1,"featured_media":0,"parent":12881,"menu_order":2,"comment_status":"closed","ping_status":"closed","template":"page-fullwidth.php","meta":{"footnotes":""},"class_list":["post-12718","page","type-page","status-publish"],"yoast_head":"<!-- This site is optimized with the Yoast SEO plugin v27.6 - https:\/\/yoast.com\/product\/yoast-seo-wordpress\/ -->\n<title>Avete perso uno o pi\u00f9 denti? - Dentistra<\/title>\n<meta name=\"robots\" content=\"index, follow, max-snippet:-1, max-image-preview:large, max-video-preview:-1\" \/>\n<link rel=\"canonical\" href=\"https:\/\/dentistra.hr\/it\/vostri-problemi-desideri\/avete-perso-uno-o-piu-denti\/\" \/>\n<meta property=\"og:locale\" content=\"it_IT\" \/>\n<meta property=\"og:type\" content=\"article\" \/>\n<meta property=\"og:title\" content=\"Avete perso uno o pi\u00f9 denti? - Dentistra\" \/>\n<meta property=\"og:description\" content=\"Cos&#8217;\u00e8 l&#8217;impianto dentale? L&#8217;impianto dentale \u00e8 un dispositivo metallico progettato per sostituire la radice di un dente naturale mancante (l&#8217;impianto...\" \/>\n<meta property=\"og:url\" content=\"https:\/\/dentistra.hr\/it\/vostri-problemi-desideri\/avete-perso-uno-o-piu-denti\/\" \/>\n<meta property=\"og:site_name\" content=\"Dentistra\" \/>\n<meta property=\"article:publisher\" content=\"https:\/\/www.facebook.com\/DentIstra.Kinkela\" \/>\n<meta property=\"article:modified_time\" content=\"2026-04-15T22:46:39+00:00\" \/>\n<meta property=\"og:image\" content=\"https:\/\/dentistra.hr\/wp-content\/uploads\/2023\/11\/dentistra-usluge-nedostaje-vam-zub-5.jpg\" \/>\n\t<meta property=\"og:image:width\" content=\"1024\" \/>\n\t<meta property=\"og:image:height\" content=\"1478\" \/>\n\t<meta property=\"og:image:type\" content=\"image\/jpeg\" \/>\n<meta name=\"twitter:card\" content=\"summary_large_image\" \/>\n<meta name=\"twitter:label1\" content=\"Tempo di lettura stimato\" \/>\n\t<meta name=\"twitter:data1\" content=\"3 minuti\" \/>\n<script type=\"application\/ld+json\" class=\"yoast-schema-graph\">{\"@context\":\"https:\\\/\\\/schema.org\",\"@graph\":[{\"@type\":\"WebPage\",\"@id\":\"https:\\\/\\\/dentistra.hr\\\/it\\\/vostri-problemi-desideri\\\/avete-perso-uno-o-piu-denti\\\/\",\"url\":\"https:\\\/\\\/dentistra.hr\\\/it\\\/vostri-problemi-desideri\\\/avete-perso-uno-o-piu-denti\\\/\",\"name\":\"Avete perso uno o pi\u00f9 denti? - Dentistra\",\"isPartOf\":{\"@id\":\"https:\\\/\\\/dentistra.hr\\\/it\\\/#website\"},\"primaryImageOfPage\":{\"@id\":\"https:\\\/\\\/dentistra.hr\\\/it\\\/vostri-problemi-desideri\\\/avete-perso-uno-o-piu-denti\\\/#primaryimage\"},\"image\":{\"@id\":\"https:\\\/\\\/dentistra.hr\\\/it\\\/vostri-problemi-desideri\\\/avete-perso-uno-o-piu-denti\\\/#primaryimage\"},\"thumbnailUrl\":\"https:\\\/\\\/dentistra.hr\\\/wp-content\\\/uploads\\\/2023\\\/11\\\/dentistra-usluge-nedostaje-vam-zub-5-709x1024.jpg\",\"datePublished\":\"2023-11-11T18:19:32+00:00\",\"dateModified\":\"2026-04-15T22:46:39+00:00\",\"breadcrumb\":{\"@id\":\"https:\\\/\\\/dentistra.hr\\\/it\\\/vostri-problemi-desideri\\\/avete-perso-uno-o-piu-denti\\\/#breadcrumb\"},\"inLanguage\":\"it-IT\",\"potentialAction\":[{\"@type\":\"ReadAction\",\"target\":[\"https:\\\/\\\/dentistra.hr\\\/it\\\/vostri-problemi-desideri\\\/avete-perso-uno-o-piu-denti\\\/\"]}]},{\"@type\":\"ImageObject\",\"inLanguage\":\"it-IT\",\"@id\":\"https:\\\/\\\/dentistra.hr\\\/it\\\/vostri-problemi-desideri\\\/avete-perso-uno-o-piu-denti\\\/#primaryimage\",\"url\":\"https:\\\/\\\/dentistra.hr\\\/wp-content\\\/uploads\\\/2023\\\/11\\\/dentistra-usluge-nedostaje-vam-zub-5-709x1024.jpg\",\"contentUrl\":\"https:\\\/\\\/dentistra.hr\\\/wp-content\\\/uploads\\\/2023\\\/11\\\/dentistra-usluge-nedostaje-vam-zub-5-709x1024.jpg\"},{\"@type\":\"BreadcrumbList\",\"@id\":\"https:\\\/\\\/dentistra.hr\\\/it\\\/vostri-problemi-desideri\\\/avete-perso-uno-o-piu-denti\\\/#breadcrumb\",\"itemListElement\":[{\"@type\":\"ListItem\",\"position\":1,\"name\":\"Po\u010detna stranica\",\"item\":\"https:\\\/\\\/dentistra.hr\\\/it\\\/\"},{\"@type\":\"ListItem\",\"position\":2,\"name\":\"Vostri problemi \\\/ desideri\",\"item\":\"https:\\\/\\\/dentistra.hr\\\/it\\\/vasi-problemi-zelje\\\/\"},{\"@type\":\"ListItem\",\"position\":3,\"name\":\"Avete perso uno o pi\u00f9 denti?\"}]},{\"@type\":\"WebSite\",\"@id\":\"https:\\\/\\\/dentistra.hr\\\/it\\\/#website\",\"url\":\"https:\\\/\\\/dentistra.hr\\\/it\\\/\",\"name\":\"Dentistra\",\"description\":\"Privatna ordinacija dentalne medicine\",\"publisher\":{\"@id\":\"https:\\\/\\\/dentistra.hr\\\/it\\\/#organization\"},\"alternateName\":\"Ordinacija dentalne medicine Patrizia Kinkela dr.med.dent., MSc\",\"potentialAction\":[{\"@type\":\"SearchAction\",\"target\":{\"@type\":\"EntryPoint\",\"urlTemplate\":\"https:\\\/\\\/dentistra.hr\\\/it\\\/?s={search_term_string}\"},\"query-input\":{\"@type\":\"PropertyValueSpecification\",\"valueRequired\":true,\"valueName\":\"search_term_string\"}}],\"inLanguage\":\"it-IT\"},{\"@type\":\"Organization\",\"@id\":\"https:\\\/\\\/dentistra.hr\\\/it\\\/#organization\",\"name\":\"Dentistra\",\"url\":\"https:\\\/\\\/dentistra.hr\\\/it\\\/\",\"logo\":{\"@type\":\"ImageObject\",\"inLanguage\":\"it-IT\",\"@id\":\"https:\\\/\\\/dentistra.hr\\\/it\\\/#\\\/schema\\\/logo\\\/image\\\/\",\"url\":\"https:\\\/\\\/dentistra.hr\\\/wp-content\\\/uploads\\\/2023\\\/11\\\/dentistra-logo-full.png\",\"contentUrl\":\"https:\\\/\\\/dentistra.hr\\\/wp-content\\\/uploads\\\/2023\\\/11\\\/dentistra-logo-full.png\",\"width\":662,\"height\":590,\"caption\":\"Dentistra\"},\"image\":{\"@id\":\"https:\\\/\\\/dentistra.hr\\\/it\\\/#\\\/schema\\\/logo\\\/image\\\/\"},\"sameAs\":[\"https:\\\/\\\/www.facebook.com\\\/DentIstra.Kinkela\"]}]}<\/script>\n<!-- \/ Yoast SEO plugin. -->","yoast_head_json":{"title":"Avete perso uno o pi\u00f9 denti? - Dentistra","robots":{"index":"index","follow":"follow","max-snippet":"max-snippet:-1","max-image-preview":"max-image-preview:large","max-video-preview":"max-video-preview:-1"},"canonical":"https:\/\/dentistra.hr\/it\/vostri-problemi-desideri\/avete-perso-uno-o-piu-denti\/","og_locale":"it_IT","og_type":"article","og_title":"Avete perso uno o pi\u00f9 denti? - Dentistra","og_description":"Cos&#8217;\u00e8 l&#8217;impianto dentale? L&#8217;impianto dentale \u00e8 un dispositivo metallico progettato per sostituire la radice di un dente naturale mancante (l&#8217;impianto...","og_url":"https:\/\/dentistra.hr\/it\/vostri-problemi-desideri\/avete-perso-uno-o-piu-denti\/","og_site_name":"Dentistra","article_publisher":"https:\/\/www.facebook.com\/DentIstra.Kinkela","article_modified_time":"2026-04-15T22:46:39+00:00","og_image":[{"width":1024,"height":1478,"url":"https:\/\/dentistra.hr\/wp-content\/uploads\/2023\/11\/dentistra-usluge-nedostaje-vam-zub-5.jpg","type":"image\/jpeg"}],"twitter_card":"summary_large_image","twitter_misc":{"Tempo di lettura stimato":"3 minuti"},"schema":{"@context":"https:\/\/schema.org","@graph":[{"@type":"WebPage","@id":"https:\/\/dentistra.hr\/it\/vostri-problemi-desideri\/avete-perso-uno-o-piu-denti\/","url":"https:\/\/dentistra.hr\/it\/vostri-problemi-desideri\/avete-perso-uno-o-piu-denti\/","name":"Avete perso uno o pi\u00f9 denti? - Dentistra","isPartOf":{"@id":"https:\/\/dentistra.hr\/it\/#website"},"primaryImageOfPage":{"@id":"https:\/\/dentistra.hr\/it\/vostri-problemi-desideri\/avete-perso-uno-o-piu-denti\/#primaryimage"},"image":{"@id":"https:\/\/dentistra.hr\/it\/vostri-problemi-desideri\/avete-perso-uno-o-piu-denti\/#primaryimage"},"thumbnailUrl":"https:\/\/dentistra.hr\/wp-content\/uploads\/2023\/11\/dentistra-usluge-nedostaje-vam-zub-5-709x1024.jpg","datePublished":"2023-11-11T18:19:32+00:00","dateModified":"2026-04-15T22:46:39+00:00","breadcrumb":{"@id":"https:\/\/dentistra.hr\/it\/vostri-problemi-desideri\/avete-perso-uno-o-piu-denti\/#breadcrumb"},"inLanguage":"it-IT","potentialAction":[{"@type":"ReadAction","target":["https:\/\/dentistra.hr\/it\/vostri-problemi-desideri\/avete-perso-uno-o-piu-denti\/"]}]},{"@type":"ImageObject","inLanguage":"it-IT","@id":"https:\/\/dentistra.hr\/it\/vostri-problemi-desideri\/avete-perso-uno-o-piu-denti\/#primaryimage","url":"https:\/\/dentistra.hr\/wp-content\/uploads\/2023\/11\/dentistra-usluge-nedostaje-vam-zub-5-709x1024.jpg","contentUrl":"https:\/\/dentistra.hr\/wp-content\/uploads\/2023\/11\/dentistra-usluge-nedostaje-vam-zub-5-709x1024.jpg"},{"@type":"BreadcrumbList","@id":"https:\/\/dentistra.hr\/it\/vostri-problemi-desideri\/avete-perso-uno-o-piu-denti\/#breadcrumb","itemListElement":[{"@type":"ListItem","position":1,"name":"Po\u010detna stranica","item":"https:\/\/dentistra.hr\/it\/"},{"@type":"ListItem","position":2,"name":"Vostri problemi \/ desideri","item":"https:\/\/dentistra.hr\/it\/vasi-problemi-zelje\/"},{"@type":"ListItem","position":3,"name":"Avete perso uno o pi\u00f9 denti?"}]},{"@type":"WebSite","@id":"https:\/\/dentistra.hr\/it\/#website","url":"https:\/\/dentistra.hr\/it\/","name":"Dentistra","description":"Privatna ordinacija dentalne medicine","publisher":{"@id":"https:\/\/dentistra.hr\/it\/#organization"},"alternateName":"Ordinacija dentalne medicine Patrizia Kinkela dr.med.dent., MSc","potentialAction":[{"@type":"SearchAction","target":{"@type":"EntryPoint","urlTemplate":"https:\/\/dentistra.hr\/it\/?s={search_term_string}"},"query-input":{"@type":"PropertyValueSpecification","valueRequired":true,"valueName":"search_term_string"}}],"inLanguage":"it-IT"},{"@type":"Organization","@id":"https:\/\/dentistra.hr\/it\/#organization","name":"Dentistra","url":"https:\/\/dentistra.hr\/it\/","logo":{"@type":"ImageObject","inLanguage":"it-IT","@id":"https:\/\/dentistra.hr\/it\/#\/schema\/logo\/image\/","url":"https:\/\/dentistra.hr\/wp-content\/uploads\/2023\/11\/dentistra-logo-full.png","contentUrl":"https:\/\/dentistra.hr\/wp-content\/uploads\/2023\/11\/dentistra-logo-full.png","width":662,"height":590,"caption":"Dentistra"},"image":{"@id":"https:\/\/dentistra.hr\/it\/#\/schema\/logo\/image\/"},"sameAs":["https:\/\/www.facebook.com\/DentIstra.Kinkela"]}]}},"_links":{"self":[{"href":"https:\/\/dentistra.hr\/it\/wp-json\/wp\/v2\/pages\/12718","targetHints":{"allow":["GET"]}}],"collection":[{"href":"https:\/\/dentistra.hr\/it\/wp-json\/wp\/v2\/pages"}],"about":[{"href":"https:\/\/dentistra.hr\/it\/wp-json\/wp\/v2\/types\/page"}],"author":[{"embeddable":true,"href":"https:\/\/dentistra.hr\/it\/wp-json\/wp\/v2\/users\/1"}],"replies":[{"embeddable":true,"href":"https:\/\/dentistra.hr\/it\/wp-json\/wp\/v2\/comments?post=12718"}],"version-history":[{"count":7,"href":"https:\/\/dentistra.hr\/it\/wp-json\/wp\/v2\/pages\/12718\/revisions"}],"predecessor-version":[{"id":14545,"href":"https:\/\/dentistra.hr\/it\/wp-json\/wp\/v2\/pages\/12718\/revisions\/14545"}],"up":[{"embeddable":true,"href":"https:\/\/dentistra.hr\/it\/wp-json\/wp\/v2\/pages\/12881"}],"wp:attachment":[{"href":"https:\/\/dentistra.hr\/it\/wp-json\/wp\/v2\/media?parent=12718"}],"curies":[{"name":"wp","href":"https:\/\/api.w.org\/{rel}","templated":true}]}}