{"id":10790,"date":"2023-11-11T19:34:46","date_gmt":"2023-11-11T18:34:46","guid":{"rendered":"https:\/\/dentistra.hr\/?page_id=10790"},"modified":"2026-04-14T17:30:26","modified_gmt":"2026-04-14T15:30:26","slug":"se-vam-dlesni-umikajo-krvavijo","status":"publish","type":"page","link":"https:\/\/dentistra.hr\/sl\/vase-tezave-zelje\/se-vam-dlesni-umikajo-krvavijo\/","title":{"rendered":"Se vam dlesni umikajo \/ krvavijo?"},"content":{"rendered":"\t\t<div data-elementor-type=\"wp-page\" data-elementor-id=\"10790\" class=\"elementor elementor-10790 elementor-9912\" data-elementor-post-type=\"page\">\n\t\t\t\t\t\t<main class=\"elementor-section elementor-top-section elementor-element elementor-element-792df8d elementor-section-boxed elementor-section-height-default elementor-section-height-default\" data-id=\"792df8d\" data-element_type=\"section\" data-e-type=\"section\" data-settings=\"{&quot;background_background&quot;:&quot;classic&quot;}\">\r\n\t\t\t\t\t\t<div class=\"elementor-container elementor-column-gap-thegem\"><div class=\"elementor-row\">\r\n\t\t\t\t\t<div class=\"elementor-column elementor-col-50 elementor-top-column elementor-element elementor-element-ac5900e\" data-id=\"ac5900e\" data-element_type=\"column\" data-e-type=\"column\">\n\t\t\t<div class=\"elementor-widget-wrap elementor-element-populated\">\n\t\t\t\t\t\t<div class=\"elementor-element elementor-element-1053938 flex-horizontal-align-default flex-horizontal-align-tablet-default flex-horizontal-align-mobile-default flex-vertical-align-default flex-vertical-align-tablet-default flex-vertical-align-mobile-default elementor-invisible elementor-widget elementor-widget-heading\" data-id=\"1053938\" data-element_type=\"widget\" data-e-type=\"widget\" data-settings=\"{&quot;_animation&quot;:&quot;fadeInUp&quot;}\" data-widget_type=\"heading.default\">\n\t\t\t\t<div class=\"elementor-widget-container\">\n\t\t\t\t\t<div class=\"title-h4 elementor-heading-title elementor-size-default\">Vam dlesni krvavijo\/se vam dlesni umikajo?<\/div>\t\t\t\t<\/div>\n\t\t\t\t<\/div>\n\t\t\t\t<div class=\"elementor-element elementor-element-e695bae flex-horizontal-align-default flex-horizontal-align-tablet-default flex-horizontal-align-mobile-default flex-vertical-align-default flex-vertical-align-tablet-default flex-vertical-align-mobile-default elementor-invisible elementor-widget elementor-widget-text-editor\" data-id=\"e695bae\" data-element_type=\"widget\" data-e-type=\"widget\" data-settings=\"{&quot;_animation&quot;:&quot;fadeInUp&quot;}\" data-widget_type=\"text-editor.default\">\n\t\t\t\t<div class=\"elementor-widget-container\">\n\t\t\t\t\t\t\t\t\t\t\t\t<div class=\"elementor-text-editor elementor-clearfix\">\r\n\t\t\t\t\t\t<p>Krvavitve dlesni, \u010de so blage in lokalizirane, so lahko le za\u010dasne in ni nujno, da karkoli pomenijo.<\/p><p>Vendar pa je mo\u010dnej\u0161a krvavitev dlesni lahko znak gingivitisa (vnetja). Pri huj\u0161em gingivitisu so prisotni tudi otekanje dlesni, sprememba barve, bole\u010dina in slab zadah.<\/p><p>Vzrok vnetja so bile bakterije, ki so se nabrale zaradi neustrezne in nezadostne zobne higiene.<\/p><p>Terapija vnetja dlesni je profesionalno in osebno \u010di\u0161\u010denje zob. Za zmanj\u0161anje in odpravo vnetja je potrebno izbolj\u0161anje doma\u010de zobne higiene.<\/p><p>\u010ce gingivitisa ne zdravimo, vnetje napreduje globlje v mehka tkiva okoli zob in prizadene sosednjo kost in obzobni ligament. Takrat govorimo o parodontozi.<\/p><p>V tej fazi bolezni pride do umika dlesni, ki med umivanjem in pregledom \u0161e naprej krvavi, kasneje pa se zobje premaknejo (ker izgine kost pod zobmi).<\/p><p>Zdravljenje parodontoze mora biti sistematizirano, trajno in kontinuirano ter obsega strokovno in doma\u010de \u010di\u0161\u010denje zob, morebitne manj\u0161e kirur\u0161ke posege na mehkih tkivih in z aplikacijo zdravil.<\/p><p>Procesa obi\u010dajno ni mogo\u010de obrniti, vendar ga zelo uspe\u0161no obvladujemo z rednimi obiski zobozdravstvene ordinacije in doma\u010do zobno higieno.<\/p><p>Ker lahko parodontoza v napredovali fazi povzro\u010di izgubo zob, jo je treba jemati zelo resno.<\/p>\t\t\t\t\t\t\t<\/div>\r\n\t\t\t\t\t\t\t\t\t\t<\/div>\n\t\t\t\t<\/div>\n\t\t\t\t\t<\/div>\n\t\t<\/div>\n\t\t\t\t<div class=\"elementor-column elementor-col-50 elementor-top-column elementor-element elementor-element-a159558\" data-id=\"a159558\" data-element_type=\"column\" data-e-type=\"column\">\n\t\t\t<div class=\"elementor-widget-wrap elementor-element-populated\">\n\t\t\t\t\t\t<div class=\"elementor-element elementor-element-7691306 flex-horizontal-align-default flex-horizontal-align-tablet-default flex-horizontal-align-mobile-default flex-vertical-align-default flex-vertical-align-tablet-default flex-vertical-align-mobile-default elementor-invisible elementor-widget elementor-widget-image\" data-id=\"7691306\" data-element_type=\"widget\" data-e-type=\"widget\" data-settings=\"{&quot;_animation&quot;:&quot;fadeInUp&quot;}\" data-widget_type=\"image.default\">\n\t\t\t\t<div class=\"elementor-widget-container\">\n\t\t\t\t\t\t\t\t\t\t\t\t\t\t\t<img fetchpriority=\"high\" width=\"1024\" height=\"776\" src=\"https:\/\/dentistra.hr\/wp-content\/uploads\/2023\/11\/dentistra-usluge-nedostaje-vam-zub-3.jpg\" class=\"attachment-large size-large wp-image-10876\" alt=\"\" srcset=\"https:\/\/dentistra.hr\/wp-content\/uploads\/2023\/11\/dentistra-usluge-nedostaje-vam-zub-3.jpg 1024w, https:\/\/dentistra.hr\/wp-content\/uploads\/2023\/11\/dentistra-usluge-nedostaje-vam-zub-3-300x227.jpg 300w, https:\/\/dentistra.hr\/wp-content\/uploads\/2023\/11\/dentistra-usluge-nedostaje-vam-zub-3-768x582.jpg 768w\" sizes=\"(max-width: 1024px) 100vw, 1024px\" \/>\t\t\t\t\t\t\t\t\t\t\t\t\t\t\t<\/div>\n\t\t\t\t<\/div>\n\t\t\t\t\t<\/div>\n\t\t<\/div>\n\t\t\t\t\t<\/div><\/div>\r\n\t\t<\/main>\r\n\t\t\t\t<\/div>\n\t\t","protected":false},"excerpt":{"rendered":"<p>Vam dlesni krvavijo\/se vam dlesni umikajo? Krvavitve dlesni, \u010de so blage in lokalizirane, so lahko le za\u010dasne in ni nujno,&#8230;<\/p>\n","protected":false},"author":2,"featured_media":0,"parent":11623,"menu_order":5,"comment_status":"closed","ping_status":"closed","template":"page-fullwidth.php","meta":{"footnotes":""},"class_list":["post-10790","page","type-page","status-publish"],"yoast_head":"<!-- This site is optimized with the Yoast SEO plugin v27.6 - https:\/\/yoast.com\/product\/yoast-seo-wordpress\/ -->\n<title>Se vam dlesni umikajo \/ krvavijo? - Dentistra<\/title>\n<meta name=\"robots\" content=\"index, follow, max-snippet:-1, max-image-preview:large, max-video-preview:-1\" \/>\n<link rel=\"canonical\" href=\"https:\/\/dentistra.hr\/sl\/vase-tezave-zelje\/se-vam-dlesni-umikajo-krvavijo\/\" \/>\n<meta property=\"og:locale\" content=\"sl_SI\" \/>\n<meta property=\"og:type\" content=\"article\" \/>\n<meta property=\"og:title\" content=\"Se vam dlesni umikajo \/ krvavijo? - Dentistra\" \/>\n<meta property=\"og:description\" content=\"Vam dlesni krvavijo\/se vam dlesni umikajo? Krvavitve dlesni, \u010de so blage in lokalizirane, so lahko le za\u010dasne in ni nujno,...\" \/>\n<meta property=\"og:url\" content=\"https:\/\/dentistra.hr\/sl\/vase-tezave-zelje\/se-vam-dlesni-umikajo-krvavijo\/\" \/>\n<meta property=\"og:site_name\" content=\"Dentistra\" \/>\n<meta property=\"article:publisher\" content=\"https:\/\/www.facebook.com\/DentIstra.Kinkela\" \/>\n<meta property=\"article:modified_time\" content=\"2026-04-14T15:30:26+00:00\" \/>\n<meta property=\"og:image\" content=\"https:\/\/dentistra.hr\/wp-content\/uploads\/2023\/11\/dentistra-usluge-nedostaje-vam-zub-3.jpg\" \/>\n<meta name=\"twitter:card\" content=\"summary_large_image\" \/>\n<meta name=\"twitter:label1\" content=\"Est. reading time\" \/>\n\t<meta name=\"twitter:data1\" content=\"2 minuti\" \/>\n<script type=\"application\/ld+json\" class=\"yoast-schema-graph\">{\"@context\":\"https:\\\/\\\/schema.org\",\"@graph\":[{\"@type\":\"WebPage\",\"@id\":\"https:\\\/\\\/dentistra.hr\\\/sl\\\/vase-tezave-zelje\\\/se-vam-dlesni-umikajo-krvavijo\\\/\",\"url\":\"https:\\\/\\\/dentistra.hr\\\/sl\\\/vase-tezave-zelje\\\/se-vam-dlesni-umikajo-krvavijo\\\/\",\"name\":\"Se vam dlesni umikajo \\\/ krvavijo? - Dentistra\",\"isPartOf\":{\"@id\":\"https:\\\/\\\/dentistra.hr\\\/sl\\\/#website\"},\"primaryImageOfPage\":{\"@id\":\"https:\\\/\\\/dentistra.hr\\\/sl\\\/vase-tezave-zelje\\\/se-vam-dlesni-umikajo-krvavijo\\\/#primaryimage\"},\"image\":{\"@id\":\"https:\\\/\\\/dentistra.hr\\\/sl\\\/vase-tezave-zelje\\\/se-vam-dlesni-umikajo-krvavijo\\\/#primaryimage\"},\"thumbnailUrl\":\"https:\\\/\\\/dentistra.hr\\\/wp-content\\\/uploads\\\/2023\\\/11\\\/dentistra-usluge-nedostaje-vam-zub-3.jpg\",\"datePublished\":\"2023-11-11T18:34:46+00:00\",\"dateModified\":\"2026-04-14T15:30:26+00:00\",\"breadcrumb\":{\"@id\":\"https:\\\/\\\/dentistra.hr\\\/sl\\\/vase-tezave-zelje\\\/se-vam-dlesni-umikajo-krvavijo\\\/#breadcrumb\"},\"inLanguage\":\"sl-SI\",\"potentialAction\":[{\"@type\":\"ReadAction\",\"target\":[\"https:\\\/\\\/dentistra.hr\\\/sl\\\/vase-tezave-zelje\\\/se-vam-dlesni-umikajo-krvavijo\\\/\"]}]},{\"@type\":\"ImageObject\",\"inLanguage\":\"sl-SI\",\"@id\":\"https:\\\/\\\/dentistra.hr\\\/sl\\\/vase-tezave-zelje\\\/se-vam-dlesni-umikajo-krvavijo\\\/#primaryimage\",\"url\":\"https:\\\/\\\/dentistra.hr\\\/wp-content\\\/uploads\\\/2023\\\/11\\\/dentistra-usluge-nedostaje-vam-zub-3.jpg\",\"contentUrl\":\"https:\\\/\\\/dentistra.hr\\\/wp-content\\\/uploads\\\/2023\\\/11\\\/dentistra-usluge-nedostaje-vam-zub-3.jpg\"},{\"@type\":\"BreadcrumbList\",\"@id\":\"https:\\\/\\\/dentistra.hr\\\/sl\\\/vase-tezave-zelje\\\/se-vam-dlesni-umikajo-krvavijo\\\/#breadcrumb\",\"itemListElement\":[{\"@type\":\"ListItem\",\"position\":1,\"name\":\"Po\u010detna stranica\",\"item\":\"https:\\\/\\\/dentistra.hr\\\/sl\\\/\"},{\"@type\":\"ListItem\",\"position\":2,\"name\":\"Va\u0161e te\u017eave \\\/ \u017eelje\",\"item\":\"https:\\\/\\\/dentistra.hr\\\/sl\\\/vasi-problemi-zelje\\\/\"},{\"@type\":\"ListItem\",\"position\":3,\"name\":\"Se vam dlesni umikajo \\\/ krvavijo?\"}]},{\"@type\":\"WebSite\",\"@id\":\"https:\\\/\\\/dentistra.hr\\\/sl\\\/#website\",\"url\":\"https:\\\/\\\/dentistra.hr\\\/sl\\\/\",\"name\":\"Dentistra\",\"description\":\"Privatna ordinacija dentalne medicine\",\"publisher\":{\"@id\":\"https:\\\/\\\/dentistra.hr\\\/sl\\\/#organization\"},\"alternateName\":\"Ordinacija dentalne medicine Patrizia Kinkela dr.med.dent., MSc\",\"potentialAction\":[{\"@type\":\"SearchAction\",\"target\":{\"@type\":\"EntryPoint\",\"urlTemplate\":\"https:\\\/\\\/dentistra.hr\\\/sl\\\/?s={search_term_string}\"},\"query-input\":{\"@type\":\"PropertyValueSpecification\",\"valueRequired\":true,\"valueName\":\"search_term_string\"}}],\"inLanguage\":\"sl-SI\"},{\"@type\":\"Organization\",\"@id\":\"https:\\\/\\\/dentistra.hr\\\/sl\\\/#organization\",\"name\":\"Dentistra\",\"url\":\"https:\\\/\\\/dentistra.hr\\\/sl\\\/\",\"logo\":{\"@type\":\"ImageObject\",\"inLanguage\":\"sl-SI\",\"@id\":\"https:\\\/\\\/dentistra.hr\\\/sl\\\/#\\\/schema\\\/logo\\\/image\\\/\",\"url\":\"https:\\\/\\\/dentistra.hr\\\/wp-content\\\/uploads\\\/2023\\\/11\\\/dentistra-logo-full.png\",\"contentUrl\":\"https:\\\/\\\/dentistra.hr\\\/wp-content\\\/uploads\\\/2023\\\/11\\\/dentistra-logo-full.png\",\"width\":662,\"height\":590,\"caption\":\"Dentistra\"},\"image\":{\"@id\":\"https:\\\/\\\/dentistra.hr\\\/sl\\\/#\\\/schema\\\/logo\\\/image\\\/\"},\"sameAs\":[\"https:\\\/\\\/www.facebook.com\\\/DentIstra.Kinkela\"]}]}<\/script>\n<!-- \/ Yoast SEO plugin. -->","yoast_head_json":{"title":"Se vam dlesni umikajo \/ krvavijo? - Dentistra","robots":{"index":"index","follow":"follow","max-snippet":"max-snippet:-1","max-image-preview":"max-image-preview:large","max-video-preview":"max-video-preview:-1"},"canonical":"https:\/\/dentistra.hr\/sl\/vase-tezave-zelje\/se-vam-dlesni-umikajo-krvavijo\/","og_locale":"sl_SI","og_type":"article","og_title":"Se vam dlesni umikajo \/ krvavijo? - Dentistra","og_description":"Vam dlesni krvavijo\/se vam dlesni umikajo? Krvavitve dlesni, \u010de so blage in lokalizirane, so lahko le za\u010dasne in ni nujno,...","og_url":"https:\/\/dentistra.hr\/sl\/vase-tezave-zelje\/se-vam-dlesni-umikajo-krvavijo\/","og_site_name":"Dentistra","article_publisher":"https:\/\/www.facebook.com\/DentIstra.Kinkela","article_modified_time":"2026-04-14T15:30:26+00:00","og_image":[{"url":"https:\/\/dentistra.hr\/wp-content\/uploads\/2023\/11\/dentistra-usluge-nedostaje-vam-zub-3.jpg","type":"","width":"","height":""}],"twitter_card":"summary_large_image","twitter_misc":{"Est. reading time":"2 minuti"},"schema":{"@context":"https:\/\/schema.org","@graph":[{"@type":"WebPage","@id":"https:\/\/dentistra.hr\/sl\/vase-tezave-zelje\/se-vam-dlesni-umikajo-krvavijo\/","url":"https:\/\/dentistra.hr\/sl\/vase-tezave-zelje\/se-vam-dlesni-umikajo-krvavijo\/","name":"Se vam dlesni umikajo \/ krvavijo? - Dentistra","isPartOf":{"@id":"https:\/\/dentistra.hr\/sl\/#website"},"primaryImageOfPage":{"@id":"https:\/\/dentistra.hr\/sl\/vase-tezave-zelje\/se-vam-dlesni-umikajo-krvavijo\/#primaryimage"},"image":{"@id":"https:\/\/dentistra.hr\/sl\/vase-tezave-zelje\/se-vam-dlesni-umikajo-krvavijo\/#primaryimage"},"thumbnailUrl":"https:\/\/dentistra.hr\/wp-content\/uploads\/2023\/11\/dentistra-usluge-nedostaje-vam-zub-3.jpg","datePublished":"2023-11-11T18:34:46+00:00","dateModified":"2026-04-14T15:30:26+00:00","breadcrumb":{"@id":"https:\/\/dentistra.hr\/sl\/vase-tezave-zelje\/se-vam-dlesni-umikajo-krvavijo\/#breadcrumb"},"inLanguage":"sl-SI","potentialAction":[{"@type":"ReadAction","target":["https:\/\/dentistra.hr\/sl\/vase-tezave-zelje\/se-vam-dlesni-umikajo-krvavijo\/"]}]},{"@type":"ImageObject","inLanguage":"sl-SI","@id":"https:\/\/dentistra.hr\/sl\/vase-tezave-zelje\/se-vam-dlesni-umikajo-krvavijo\/#primaryimage","url":"https:\/\/dentistra.hr\/wp-content\/uploads\/2023\/11\/dentistra-usluge-nedostaje-vam-zub-3.jpg","contentUrl":"https:\/\/dentistra.hr\/wp-content\/uploads\/2023\/11\/dentistra-usluge-nedostaje-vam-zub-3.jpg"},{"@type":"BreadcrumbList","@id":"https:\/\/dentistra.hr\/sl\/vase-tezave-zelje\/se-vam-dlesni-umikajo-krvavijo\/#breadcrumb","itemListElement":[{"@type":"ListItem","position":1,"name":"Po\u010detna stranica","item":"https:\/\/dentistra.hr\/sl\/"},{"@type":"ListItem","position":2,"name":"Va\u0161e te\u017eave \/ \u017eelje","item":"https:\/\/dentistra.hr\/sl\/vasi-problemi-zelje\/"},{"@type":"ListItem","position":3,"name":"Se vam dlesni umikajo \/ krvavijo?"}]},{"@type":"WebSite","@id":"https:\/\/dentistra.hr\/sl\/#website","url":"https:\/\/dentistra.hr\/sl\/","name":"Dentistra","description":"Privatna ordinacija dentalne medicine","publisher":{"@id":"https:\/\/dentistra.hr\/sl\/#organization"},"alternateName":"Ordinacija dentalne medicine Patrizia Kinkela dr.med.dent., MSc","potentialAction":[{"@type":"SearchAction","target":{"@type":"EntryPoint","urlTemplate":"https:\/\/dentistra.hr\/sl\/?s={search_term_string}"},"query-input":{"@type":"PropertyValueSpecification","valueRequired":true,"valueName":"search_term_string"}}],"inLanguage":"sl-SI"},{"@type":"Organization","@id":"https:\/\/dentistra.hr\/sl\/#organization","name":"Dentistra","url":"https:\/\/dentistra.hr\/sl\/","logo":{"@type":"ImageObject","inLanguage":"sl-SI","@id":"https:\/\/dentistra.hr\/sl\/#\/schema\/logo\/image\/","url":"https:\/\/dentistra.hr\/wp-content\/uploads\/2023\/11\/dentistra-logo-full.png","contentUrl":"https:\/\/dentistra.hr\/wp-content\/uploads\/2023\/11\/dentistra-logo-full.png","width":662,"height":590,"caption":"Dentistra"},"image":{"@id":"https:\/\/dentistra.hr\/sl\/#\/schema\/logo\/image\/"},"sameAs":["https:\/\/www.facebook.com\/DentIstra.Kinkela"]}]}},"_links":{"self":[{"href":"https:\/\/dentistra.hr\/sl\/wp-json\/wp\/v2\/pages\/10790","targetHints":{"allow":["GET"]}}],"collection":[{"href":"https:\/\/dentistra.hr\/sl\/wp-json\/wp\/v2\/pages"}],"about":[{"href":"https:\/\/dentistra.hr\/sl\/wp-json\/wp\/v2\/types\/page"}],"author":[{"embeddable":true,"href":"https:\/\/dentistra.hr\/sl\/wp-json\/wp\/v2\/users\/2"}],"replies":[{"embeddable":true,"href":"https:\/\/dentistra.hr\/sl\/wp-json\/wp\/v2\/comments?post=10790"}],"version-history":[{"count":18,"href":"https:\/\/dentistra.hr\/sl\/wp-json\/wp\/v2\/pages\/10790\/revisions"}],"predecessor-version":[{"id":11962,"href":"https:\/\/dentistra.hr\/sl\/wp-json\/wp\/v2\/pages\/10790\/revisions\/11962"}],"up":[{"embeddable":true,"href":"https:\/\/dentistra.hr\/sl\/wp-json\/wp\/v2\/pages\/11623"}],"wp:attachment":[{"href":"https:\/\/dentistra.hr\/sl\/wp-json\/wp\/v2\/media?parent=10790"}],"curies":[{"name":"wp","href":"https:\/\/api.w.org\/{rel}","templated":true}]}}