{"id":10802,"date":"2023-11-11T19:30:39","date_gmt":"2023-11-11T18:30:39","guid":{"rendered":"https:\/\/dentistra.hr\/?page_id=10802"},"modified":"2026-04-15T23:05:27","modified_gmt":"2026-04-15T21:05:27","slug":"bi-radi-vasemu-otroku-popravili-zobe","status":"publish","type":"page","link":"https:\/\/dentistra.hr\/sl\/vase-tezave-zelje\/bi-radi-vasemu-otroku-popravili-zobe\/","title":{"rendered":"Bi radi va\u0161emu otroku popravili zobe?"},"content":{"rendered":"\t\t<div data-elementor-type=\"wp-page\" data-elementor-id=\"10802\" class=\"elementor elementor-10802 elementor-9907\" data-elementor-post-type=\"page\">\n\t\t\t\t\t\t<main class=\"elementor-section elementor-top-section elementor-element elementor-element-792df8d elementor-section-boxed elementor-section-height-default elementor-section-height-default\" data-id=\"792df8d\" data-element_type=\"section\" data-e-type=\"section\" data-settings=\"{&quot;background_background&quot;:&quot;classic&quot;}\">\r\n\t\t\t\t\t\t<div class=\"elementor-container elementor-column-gap-thegem\"><div class=\"elementor-row\">\r\n\t\t\t\t\t<div class=\"elementor-column elementor-col-50 elementor-top-column elementor-element elementor-element-ac5900e\" data-id=\"ac5900e\" data-element_type=\"column\" data-e-type=\"column\">\n\t\t\t<div class=\"elementor-widget-wrap elementor-element-populated\">\n\t\t\t\t\t\t<section class=\"elementor-section elementor-inner-section elementor-element elementor-element-9d87d5b elementor-section-height-min-height elementor-section-boxed elementor-section-height-default\" data-id=\"9d87d5b\" data-element_type=\"section\" data-e-type=\"section\">\r\n\t\t\t\t\t\t<div class=\"elementor-container elementor-column-gap-thegem\"><div class=\"elementor-row\">\r\n\t\t\t\t\t<div class=\"elementor-column elementor-col-100 elementor-inner-column elementor-element elementor-element-5c05180\" data-id=\"5c05180\" data-element_type=\"column\" data-e-type=\"column\">\n\t\t\t<div class=\"elementor-widget-wrap elementor-element-populated\">\n\t\t\t\t\t\t<div class=\"elementor-element elementor-element-8665848 elementor-widget__width-initial flex-horizontal-align-default flex-horizontal-align-tablet-default flex-horizontal-align-mobile-default flex-vertical-align-default flex-vertical-align-tablet-default flex-vertical-align-mobile-default elementor-widget elementor-widget-spacer\" data-id=\"8665848\" data-element_type=\"widget\" data-e-type=\"widget\" data-widget_type=\"spacer.default\">\n\t\t\t\t<div class=\"elementor-widget-container\">\n\t\t\t\t\t\t\t<div class=\"elementor-spacer\">\n\t\t\t<div class=\"elementor-spacer-inner\"><\/div>\n\t\t<\/div>\n\t\t\t\t\t\t<\/div>\n\t\t\t\t<\/div>\n\t\t\t\t<div class=\"elementor-element elementor-element-caaeae2 flex-horizontal-align-default flex-horizontal-align-tablet-default flex-horizontal-align-mobile-default flex-vertical-align-default flex-vertical-align-tablet-default flex-vertical-align-mobile-default elementor-widget elementor-widget-heading\" data-id=\"caaeae2\" data-element_type=\"widget\" data-e-type=\"widget\" data-widget_type=\"heading.default\">\n\t\t\t\t<div class=\"elementor-widget-container\">\n\t\t\t\t\t<div class=\"title-h3 elementor-heading-title elementor-size-default\">Zdravje otro\u0161kih zob je zelo pomembno<\/div>\t\t\t\t<\/div>\n\t\t\t\t<\/div>\n\t\t\t\t\t<\/div>\n\t\t<\/div>\n\t\t\t\t\t<\/div><\/div>\r\n\t\t<\/section>\r\n\t\t\t\t<div class=\"elementor-element elementor-element-e695bae flex-horizontal-align-default flex-horizontal-align-tablet-default flex-horizontal-align-mobile-default flex-vertical-align-default flex-vertical-align-tablet-default flex-vertical-align-mobile-default elementor-invisible elementor-widget elementor-widget-text-editor\" data-id=\"e695bae\" data-element_type=\"widget\" data-e-type=\"widget\" data-settings=\"{&quot;_animation&quot;:&quot;fadeInUp&quot;}\" data-widget_type=\"text-editor.default\">\n\t\t\t\t<div class=\"elementor-widget-container\">\n\t\t\t\t\t\t\t\t\t\t\t\t<div class=\"elementor-text-editor elementor-clearfix\">\r\n\t\t\t\t\t\t<p>Obiski zobozdravnika \u017ee v zgodnjem otro\u0161tvu otroku olaj\u0161ajo prilagoditev na kasnej\u0161e morebitne posege in prepre\u010dijo strah.<\/p><p>V DENTISTRI razumemo otroke, trudimo se ustvariti prijetno okolje, v katerem bomo pridobili njihovo zaupanje in olaj\u0161ali obisk zobozdravstvene ordinacije tako otrokom kot star\u0161em.<\/p>\t\t\t\t\t\t\t<\/div>\r\n\t\t\t\t\t\t\t\t\t\t<\/div>\n\t\t\t\t<\/div>\n\t\t\t\t\t<\/div>\n\t\t<\/div>\n\t\t\t\t<div class=\"elementor-column elementor-col-50 elementor-top-column elementor-element elementor-element-a159558\" data-id=\"a159558\" data-element_type=\"column\" data-e-type=\"column\">\n\t\t\t<div class=\"elementor-widget-wrap elementor-element-populated\">\n\t\t\t\t\t\t<div class=\"elementor-element elementor-element-7691306 flex-horizontal-align-default flex-horizontal-align-tablet-default flex-horizontal-align-mobile-default flex-vertical-align-default flex-vertical-align-tablet-default flex-vertical-align-mobile-default elementor-invisible elementor-widget elementor-widget-image\" data-id=\"7691306\" data-element_type=\"widget\" data-e-type=\"widget\" data-settings=\"{&quot;_animation&quot;:&quot;fadeInUp&quot;}\" data-widget_type=\"image.default\">\n\t\t\t\t<div class=\"elementor-widget-container\">\n\t\t\t\t\t\t\t\t\t\t\t\t\t\t\t<img fetchpriority=\"high\" width=\"1024\" height=\"1024\" src=\"https:\/\/dentistra.hr\/wp-content\/uploads\/2023\/11\/dentistra-usluge-djeca.jpg\" class=\"attachment-large size-large wp-image-10851\" alt=\"\" srcset=\"https:\/\/dentistra.hr\/wp-content\/uploads\/2023\/11\/dentistra-usluge-djeca.jpg 1024w, https:\/\/dentistra.hr\/wp-content\/uploads\/2023\/11\/dentistra-usluge-djeca-300x300.jpg 300w, https:\/\/dentistra.hr\/wp-content\/uploads\/2023\/11\/dentistra-usluge-djeca-150x150.jpg 150w, https:\/\/dentistra.hr\/wp-content\/uploads\/2023\/11\/dentistra-usluge-djeca-768x768.jpg 768w, https:\/\/dentistra.hr\/wp-content\/uploads\/2023\/11\/dentistra-usluge-djeca-256x256.jpg 256w\" sizes=\"(max-width: 1024px) 100vw, 1024px\" \/>\t\t\t\t\t\t\t\t\t\t\t\t\t\t\t<\/div>\n\t\t\t\t<\/div>\n\t\t\t\t\t<\/div>\n\t\t<\/div>\n\t\t\t\t\t<\/div><\/div>\r\n\t\t<\/main>\r\n\t\t\t\t<section class=\"elementor-section elementor-top-section elementor-element elementor-element-27a02e3 elementor-section-full_width elementor-section-content-bottom elementor-section-height-default elementor-section-height-default\" data-id=\"27a02e3\" data-element_type=\"section\" data-e-type=\"section\" data-settings=\"{&quot;background_background&quot;:&quot;classic&quot;}\">\r\n\t\t\t\t\t\t<div class=\"elementor-container elementor-column-gap-no\"><div class=\"elementor-row\">\r\n\t\t\t\t\t<div class=\"elementor-column elementor-col-100 elementor-top-column elementor-element elementor-element-857b145\" data-id=\"857b145\" data-element_type=\"column\" data-e-type=\"column\">\n\t\t\t<div class=\"elementor-widget-wrap elementor-element-populated\">\n\t\t\t\t\t\t<div class=\"elementor-element elementor-element-38a0f33 elementor-absolute flex-horizontal-align-default flex-horizontal-align-tablet-default flex-horizontal-align-mobile-default flex-vertical-align-default flex-vertical-align-tablet-default flex-vertical-align-mobile-default elementor-widget elementor-widget-spacer\" data-id=\"38a0f33\" data-element_type=\"widget\" data-e-type=\"widget\" data-settings=\"{&quot;_position&quot;:&quot;absolute&quot;}\" data-widget_type=\"spacer.default\">\n\t\t\t\t<div class=\"elementor-widget-container\">\n\t\t\t\t\t\t\t<div class=\"elementor-spacer\">\n\t\t\t<div class=\"elementor-spacer-inner\"><\/div>\n\t\t<\/div>\n\t\t\t\t\t\t<\/div>\n\t\t\t\t<\/div>\n\t\t\t\t<div class=\"elementor-element elementor-element-4d3aade flex-horizontal-align-default flex-horizontal-align-tablet-default flex-horizontal-align-mobile-default flex-vertical-align-default flex-vertical-align-tablet-default flex-vertical-align-mobile-default elementor-widget elementor-widget-thegem-testimonials\" data-id=\"4d3aade\" data-element_type=\"widget\" data-e-type=\"widget\" data-settings=\"{&quot;content_testimonials_cat&quot;:[&quot;usluge-djeca-si&quot;],&quot;skin_source&quot;:&quot;default&quot;,&quot;thegem_elementor_preset&quot;:&quot;style1&quot;,&quot;content_elems_name&quot;:&quot;yes&quot;,&quot;content_elems_position&quot;:&quot;yes&quot;,&quot;content_elems_company&quot;:&quot;yes&quot;,&quot;content_elems_quote&quot;:&quot;yes&quot;}\" data-widget_type=\"thegem-testimonials.default\">\n\t\t\t\t<div class=\"elementor-widget-container\">\n\t\t\t\t\t\n\t\t\t<div class=\"preloader\">\n\t\t\t\t<div class=\"preloader-spin\"><\/div>\n\t\t\t<\/div>\n\t\t\t\n\t\t\t<div class=\"style1 gem-testimonials\n\t\t\tfullwidth-block\t\t\t\"\n\t\t\t data-autoscroll=4000 >\n\t\t\t\n\t\t\t\t\t\t\t<style>.gem-testimonials-navigation{display: block;}<\/style>\n\t\t\t\n\t\t\t\t\n<div id=\"post-10112\" class=\"gem-testimonial-item post-10112 thegem_testimonial type-thegem_testimonial status-publish\">\n\t<a href=\"https:\/\/www.google.com\/maps\/contrib\/105198719997185560906\/reviews?hl=hr\" target=\"_blank\">\t\t<div class=\"gem-testimonial-wrapper  \">\n\n\t\t\t\n\t\t\t<div class=\"gem-testimonial-content\">\n\n\t\t\t\t\t\t\t<div class=\"gem-testimonial-name title-h6\">Bo\u0161tjan Salobir<\/div>\t\t\t\n\t\t\t\t\t\t\t<div class=\"gem-testimonial-company\">Google recenzija<\/div>\t\t\t\n\t\t\t\n\t\t\t\t<div class=\"gem-testimonial-text\">\n\t\t\t\t\t<p><img class=\"wp-image-11113 size-full aligncenter\" style=\"margin-bottom: 0;\" src=\"https:\/\/dentistra.hr\/wp-content\/uploads\/2023\/11\/five-star-review.png\" alt=\"\" width=\"120\" height=\"23\" \/><br \/>\nVeoma zadovoljan sa \u010ditavom tretmanom &#8211; strokovna i moralna podr\u017eka i nakon postupka. Potpuno pripuru\u010dujem.<\/p>\n\t\t\t\t<\/div>\n\t\t\t<\/div>\n\t<\/div>\n\n\t<\/a><\/div>\n<div id=\"post-11894\" class=\"gem-testimonial-item post-11894 thegem_testimonial type-thegem_testimonial status-publish\">\n\t<a href=\"https:\/\/www.google.com\/maps\/contrib\/116787424348407240255\/reviews?hl=hr\" target=\"_blank\">\t\t<div class=\"gem-testimonial-wrapper  \">\n\n\t\t\t\n\t\t\t<div class=\"gem-testimonial-content\">\n\n\t\t\t\t\t\t\t<div class=\"gem-testimonial-name title-h6\">Ema Rozman<\/div>\t\t\t\n\t\t\t\t\t\t\t<div class=\"gem-testimonial-company\">Google recenzija<\/div>\t\t\t\n\t\t\t\n\t\t\t\t<div class=\"gem-testimonial-text\">\n\t\t\t\t\t<p><img class=\"wp-image-11113 size-full aligncenter\" style=\"margin-bottom: 0;\" src=\"https:\/\/dentistra.hr\/wp-content\/uploads\/2023\/11\/five-star-review.png\" alt=\"\" width=\"120\" height=\"23\" \/><br \/>\n\u017de ob vhodu te pri\u010daka topel, prijazen sprejem dr. Patrizie Kinkela in med. sestre Marijane. Dr. Patrizia je zelo strokovna, natan\u010dna, estetska, \u010de ima\u0161 kak\u0161en strah ali pomislek, vse lepo razlo\u017ei in te pomiri. Popolnoma se posveti pacientu, da je poseg opravljen strokovno, natan\u010dno in lepo. Ne dobi\u0161 ob\u010dutka, da si pri zobozdravnici, ker u\u017eiva\u0161 na stolu in si \u017eeli\u0161, da kar ostane\u0161. Ordinacija je zelo lepa, svetla, opremljena z najnovej\u0161imi napravami. Toplo priporo\u010dam! Prihajam iz Slovenije in spet pridem, naslednji\u010d pripeljem \u0161e sina.<\/p>\n\t\t\t\t<\/div>\n\t\t\t<\/div>\n\t<\/div>\n\n\t<\/a><\/div>\n\t\t\t\t\t\t\t\t\t<div class=\"testimonials_svg\"><svg width=\"100\" height=\"50\"><path d=\"M 0,-1 Q 45,5 50,50 Q 55,5 100,-1\" \/><\/svg><\/div>\n\t\t\t\t\n\t\t\t<\/div>\n\n\t\t\t \n\n\n\n\t\t\t\t\t\t<\/div>\n\t\t\t\t<\/div>\n\t\t\t\t\t<\/div>\n\t\t<\/div>\n\t\t\t\t\t<\/div><\/div>\r\n\t\t<\/section>\r\n\t\t\t\t<\/div>\n\t\t","protected":false},"excerpt":{"rendered":"<p>Zdravje otro\u0161kih zob je zelo pomembno Obiski zobozdravnika \u017ee v zgodnjem otro\u0161tvu otroku olaj\u0161ajo prilagoditev na kasnej\u0161e morebitne posege in&#8230;<\/p>\n","protected":false},"author":2,"featured_media":0,"parent":11623,"menu_order":6,"comment_status":"closed","ping_status":"closed","template":"page-fullwidth.php","meta":{"footnotes":""},"class_list":["post-10802","page","type-page","status-publish"],"yoast_head":"<!-- This site is optimized with the Yoast SEO plugin v27.6 - https:\/\/yoast.com\/product\/yoast-seo-wordpress\/ -->\n<title>Bi radi va\u0161emu otroku popravili zobe? - Dentistra<\/title>\n<meta name=\"robots\" content=\"index, follow, max-snippet:-1, max-image-preview:large, max-video-preview:-1\" \/>\n<link rel=\"canonical\" href=\"https:\/\/dentistra.hr\/sl\/vase-tezave-zelje\/bi-radi-vasemu-otroku-popravili-zobe\/\" \/>\n<meta property=\"og:locale\" content=\"sl_SI\" \/>\n<meta property=\"og:type\" content=\"article\" \/>\n<meta property=\"og:title\" content=\"Bi radi va\u0161emu otroku popravili zobe? - Dentistra\" \/>\n<meta property=\"og:description\" content=\"Zdravje otro\u0161kih zob je zelo pomembno Obiski zobozdravnika \u017ee v zgodnjem otro\u0161tvu otroku olaj\u0161ajo prilagoditev na kasnej\u0161e morebitne posege in...\" \/>\n<meta property=\"og:url\" content=\"https:\/\/dentistra.hr\/sl\/vase-tezave-zelje\/bi-radi-vasemu-otroku-popravili-zobe\/\" \/>\n<meta property=\"og:site_name\" content=\"Dentistra\" \/>\n<meta property=\"article:publisher\" content=\"https:\/\/www.facebook.com\/DentIstra.Kinkela\" \/>\n<meta property=\"article:modified_time\" content=\"2026-04-15T21:05:27+00:00\" \/>\n<meta property=\"og:image\" content=\"https:\/\/dentistra.hr\/wp-content\/uploads\/2023\/11\/dentistra-usluge-djeca.jpg\" \/>\n\t<meta property=\"og:image:width\" content=\"1024\" \/>\n\t<meta property=\"og:image:height\" content=\"1024\" \/>\n\t<meta property=\"og:image:type\" content=\"image\/jpeg\" \/>\n<meta name=\"twitter:card\" content=\"summary_large_image\" \/>\n<meta name=\"twitter:label1\" content=\"Est. reading time\" \/>\n\t<meta name=\"twitter:data1\" content=\"2 minuti\" \/>\n<script type=\"application\/ld+json\" class=\"yoast-schema-graph\">{\"@context\":\"https:\\\/\\\/schema.org\",\"@graph\":[{\"@type\":\"WebPage\",\"@id\":\"https:\\\/\\\/dentistra.hr\\\/sl\\\/vase-tezave-zelje\\\/bi-radi-vasemu-otroku-popravili-zobe\\\/\",\"url\":\"https:\\\/\\\/dentistra.hr\\\/sl\\\/vase-tezave-zelje\\\/bi-radi-vasemu-otroku-popravili-zobe\\\/\",\"name\":\"Bi radi va\u0161emu otroku popravili zobe? - Dentistra\",\"isPartOf\":{\"@id\":\"https:\\\/\\\/dentistra.hr\\\/sl\\\/#website\"},\"primaryImageOfPage\":{\"@id\":\"https:\\\/\\\/dentistra.hr\\\/sl\\\/vase-tezave-zelje\\\/bi-radi-vasemu-otroku-popravili-zobe\\\/#primaryimage\"},\"image\":{\"@id\":\"https:\\\/\\\/dentistra.hr\\\/sl\\\/vase-tezave-zelje\\\/bi-radi-vasemu-otroku-popravili-zobe\\\/#primaryimage\"},\"thumbnailUrl\":\"https:\\\/\\\/dentistra.hr\\\/wp-content\\\/uploads\\\/2023\\\/11\\\/dentistra-usluge-djeca.jpg\",\"datePublished\":\"2023-11-11T18:30:39+00:00\",\"dateModified\":\"2026-04-15T21:05:27+00:00\",\"breadcrumb\":{\"@id\":\"https:\\\/\\\/dentistra.hr\\\/sl\\\/vase-tezave-zelje\\\/bi-radi-vasemu-otroku-popravili-zobe\\\/#breadcrumb\"},\"inLanguage\":\"sl-SI\",\"potentialAction\":[{\"@type\":\"ReadAction\",\"target\":[\"https:\\\/\\\/dentistra.hr\\\/sl\\\/vase-tezave-zelje\\\/bi-radi-vasemu-otroku-popravili-zobe\\\/\"]}]},{\"@type\":\"ImageObject\",\"inLanguage\":\"sl-SI\",\"@id\":\"https:\\\/\\\/dentistra.hr\\\/sl\\\/vase-tezave-zelje\\\/bi-radi-vasemu-otroku-popravili-zobe\\\/#primaryimage\",\"url\":\"https:\\\/\\\/dentistra.hr\\\/wp-content\\\/uploads\\\/2023\\\/11\\\/dentistra-usluge-djeca.jpg\",\"contentUrl\":\"https:\\\/\\\/dentistra.hr\\\/wp-content\\\/uploads\\\/2023\\\/11\\\/dentistra-usluge-djeca.jpg\"},{\"@type\":\"BreadcrumbList\",\"@id\":\"https:\\\/\\\/dentistra.hr\\\/sl\\\/vase-tezave-zelje\\\/bi-radi-vasemu-otroku-popravili-zobe\\\/#breadcrumb\",\"itemListElement\":[{\"@type\":\"ListItem\",\"position\":1,\"name\":\"Po\u010detna stranica\",\"item\":\"https:\\\/\\\/dentistra.hr\\\/sl\\\/\"},{\"@type\":\"ListItem\",\"position\":2,\"name\":\"Va\u0161e te\u017eave \\\/ \u017eelje\",\"item\":\"https:\\\/\\\/dentistra.hr\\\/sl\\\/vasi-problemi-zelje\\\/\"},{\"@type\":\"ListItem\",\"position\":3,\"name\":\"Bi radi va\u0161emu otroku popravili zobe?\"}]},{\"@type\":\"WebSite\",\"@id\":\"https:\\\/\\\/dentistra.hr\\\/sl\\\/#website\",\"url\":\"https:\\\/\\\/dentistra.hr\\\/sl\\\/\",\"name\":\"Dentistra\",\"description\":\"Privatna ordinacija dentalne medicine\",\"publisher\":{\"@id\":\"https:\\\/\\\/dentistra.hr\\\/sl\\\/#organization\"},\"alternateName\":\"Ordinacija dentalne medicine Patrizia Kinkela dr.med.dent., MSc\",\"potentialAction\":[{\"@type\":\"SearchAction\",\"target\":{\"@type\":\"EntryPoint\",\"urlTemplate\":\"https:\\\/\\\/dentistra.hr\\\/sl\\\/?s={search_term_string}\"},\"query-input\":{\"@type\":\"PropertyValueSpecification\",\"valueRequired\":true,\"valueName\":\"search_term_string\"}}],\"inLanguage\":\"sl-SI\"},{\"@type\":\"Organization\",\"@id\":\"https:\\\/\\\/dentistra.hr\\\/sl\\\/#organization\",\"name\":\"Dentistra\",\"url\":\"https:\\\/\\\/dentistra.hr\\\/sl\\\/\",\"logo\":{\"@type\":\"ImageObject\",\"inLanguage\":\"sl-SI\",\"@id\":\"https:\\\/\\\/dentistra.hr\\\/sl\\\/#\\\/schema\\\/logo\\\/image\\\/\",\"url\":\"https:\\\/\\\/dentistra.hr\\\/wp-content\\\/uploads\\\/2023\\\/11\\\/dentistra-logo-full.png\",\"contentUrl\":\"https:\\\/\\\/dentistra.hr\\\/wp-content\\\/uploads\\\/2023\\\/11\\\/dentistra-logo-full.png\",\"width\":662,\"height\":590,\"caption\":\"Dentistra\"},\"image\":{\"@id\":\"https:\\\/\\\/dentistra.hr\\\/sl\\\/#\\\/schema\\\/logo\\\/image\\\/\"},\"sameAs\":[\"https:\\\/\\\/www.facebook.com\\\/DentIstra.Kinkela\"]}]}<\/script>\n<!-- \/ Yoast SEO plugin. -->","yoast_head_json":{"title":"Bi radi va\u0161emu otroku popravili zobe? - Dentistra","robots":{"index":"index","follow":"follow","max-snippet":"max-snippet:-1","max-image-preview":"max-image-preview:large","max-video-preview":"max-video-preview:-1"},"canonical":"https:\/\/dentistra.hr\/sl\/vase-tezave-zelje\/bi-radi-vasemu-otroku-popravili-zobe\/","og_locale":"sl_SI","og_type":"article","og_title":"Bi radi va\u0161emu otroku popravili zobe? - Dentistra","og_description":"Zdravje otro\u0161kih zob je zelo pomembno Obiski zobozdravnika \u017ee v zgodnjem otro\u0161tvu otroku olaj\u0161ajo prilagoditev na kasnej\u0161e morebitne posege in...","og_url":"https:\/\/dentistra.hr\/sl\/vase-tezave-zelje\/bi-radi-vasemu-otroku-popravili-zobe\/","og_site_name":"Dentistra","article_publisher":"https:\/\/www.facebook.com\/DentIstra.Kinkela","article_modified_time":"2026-04-15T21:05:27+00:00","og_image":[{"width":1024,"height":1024,"url":"https:\/\/dentistra.hr\/wp-content\/uploads\/2023\/11\/dentistra-usluge-djeca.jpg","type":"image\/jpeg"}],"twitter_card":"summary_large_image","twitter_misc":{"Est. reading time":"2 minuti"},"schema":{"@context":"https:\/\/schema.org","@graph":[{"@type":"WebPage","@id":"https:\/\/dentistra.hr\/sl\/vase-tezave-zelje\/bi-radi-vasemu-otroku-popravili-zobe\/","url":"https:\/\/dentistra.hr\/sl\/vase-tezave-zelje\/bi-radi-vasemu-otroku-popravili-zobe\/","name":"Bi radi va\u0161emu otroku popravili zobe? - Dentistra","isPartOf":{"@id":"https:\/\/dentistra.hr\/sl\/#website"},"primaryImageOfPage":{"@id":"https:\/\/dentistra.hr\/sl\/vase-tezave-zelje\/bi-radi-vasemu-otroku-popravili-zobe\/#primaryimage"},"image":{"@id":"https:\/\/dentistra.hr\/sl\/vase-tezave-zelje\/bi-radi-vasemu-otroku-popravili-zobe\/#primaryimage"},"thumbnailUrl":"https:\/\/dentistra.hr\/wp-content\/uploads\/2023\/11\/dentistra-usluge-djeca.jpg","datePublished":"2023-11-11T18:30:39+00:00","dateModified":"2026-04-15T21:05:27+00:00","breadcrumb":{"@id":"https:\/\/dentistra.hr\/sl\/vase-tezave-zelje\/bi-radi-vasemu-otroku-popravili-zobe\/#breadcrumb"},"inLanguage":"sl-SI","potentialAction":[{"@type":"ReadAction","target":["https:\/\/dentistra.hr\/sl\/vase-tezave-zelje\/bi-radi-vasemu-otroku-popravili-zobe\/"]}]},{"@type":"ImageObject","inLanguage":"sl-SI","@id":"https:\/\/dentistra.hr\/sl\/vase-tezave-zelje\/bi-radi-vasemu-otroku-popravili-zobe\/#primaryimage","url":"https:\/\/dentistra.hr\/wp-content\/uploads\/2023\/11\/dentistra-usluge-djeca.jpg","contentUrl":"https:\/\/dentistra.hr\/wp-content\/uploads\/2023\/11\/dentistra-usluge-djeca.jpg"},{"@type":"BreadcrumbList","@id":"https:\/\/dentistra.hr\/sl\/vase-tezave-zelje\/bi-radi-vasemu-otroku-popravili-zobe\/#breadcrumb","itemListElement":[{"@type":"ListItem","position":1,"name":"Po\u010detna stranica","item":"https:\/\/dentistra.hr\/sl\/"},{"@type":"ListItem","position":2,"name":"Va\u0161e te\u017eave \/ \u017eelje","item":"https:\/\/dentistra.hr\/sl\/vasi-problemi-zelje\/"},{"@type":"ListItem","position":3,"name":"Bi radi va\u0161emu otroku popravili zobe?"}]},{"@type":"WebSite","@id":"https:\/\/dentistra.hr\/sl\/#website","url":"https:\/\/dentistra.hr\/sl\/","name":"Dentistra","description":"Privatna ordinacija dentalne medicine","publisher":{"@id":"https:\/\/dentistra.hr\/sl\/#organization"},"alternateName":"Ordinacija dentalne medicine Patrizia Kinkela dr.med.dent., MSc","potentialAction":[{"@type":"SearchAction","target":{"@type":"EntryPoint","urlTemplate":"https:\/\/dentistra.hr\/sl\/?s={search_term_string}"},"query-input":{"@type":"PropertyValueSpecification","valueRequired":true,"valueName":"search_term_string"}}],"inLanguage":"sl-SI"},{"@type":"Organization","@id":"https:\/\/dentistra.hr\/sl\/#organization","name":"Dentistra","url":"https:\/\/dentistra.hr\/sl\/","logo":{"@type":"ImageObject","inLanguage":"sl-SI","@id":"https:\/\/dentistra.hr\/sl\/#\/schema\/logo\/image\/","url":"https:\/\/dentistra.hr\/wp-content\/uploads\/2023\/11\/dentistra-logo-full.png","contentUrl":"https:\/\/dentistra.hr\/wp-content\/uploads\/2023\/11\/dentistra-logo-full.png","width":662,"height":590,"caption":"Dentistra"},"image":{"@id":"https:\/\/dentistra.hr\/sl\/#\/schema\/logo\/image\/"},"sameAs":["https:\/\/www.facebook.com\/DentIstra.Kinkela"]}]}},"_links":{"self":[{"href":"https:\/\/dentistra.hr\/sl\/wp-json\/wp\/v2\/pages\/10802","targetHints":{"allow":["GET"]}}],"collection":[{"href":"https:\/\/dentistra.hr\/sl\/wp-json\/wp\/v2\/pages"}],"about":[{"href":"https:\/\/dentistra.hr\/sl\/wp-json\/wp\/v2\/types\/page"}],"author":[{"embeddable":true,"href":"https:\/\/dentistra.hr\/sl\/wp-json\/wp\/v2\/users\/2"}],"replies":[{"embeddable":true,"href":"https:\/\/dentistra.hr\/sl\/wp-json\/wp\/v2\/comments?post=10802"}],"version-history":[{"count":25,"href":"https:\/\/dentistra.hr\/sl\/wp-json\/wp\/v2\/pages\/10802\/revisions"}],"predecessor-version":[{"id":14501,"href":"https:\/\/dentistra.hr\/sl\/wp-json\/wp\/v2\/pages\/10802\/revisions\/14501"}],"up":[{"embeddable":true,"href":"https:\/\/dentistra.hr\/sl\/wp-json\/wp\/v2\/pages\/11623"}],"wp:attachment":[{"href":"https:\/\/dentistra.hr\/sl\/wp-json\/wp\/v2\/media?parent=10802"}],"curies":[{"name":"wp","href":"https:\/\/api.w.org\/{rel}","templated":true}]}}